{"id":4347,"date":"2024-08-24T19:33:27","date_gmt":"2024-08-24T19:33:27","guid":{"rendered":"https:\/\/maximumperu.com\/?post_type=product&#038;p=4347"},"modified":"2024-08-24T20:22:46","modified_gmt":"2024-08-24T20:22:46","slug":"ls1005g","status":"publish","type":"product","link":"https:\/\/maximumperu.com\/index.php\/product\/ls1005g\/","title":{"rendered":"LS1005G | Switch de Escritorio de 5 Puertos 10\/100\/1000Mbps"},"content":{"rendered":"<table>\n<thead>\n<tr id=\"tr_603\">\n<th colspan=\"2\"><a>CARACTER\u00cdSTICAS DE HARDWARE<\/a><\/th>\n<\/tr>\n<\/thead>\n<tbody>\n<tr id=\"tr_1079\">\n<th width=\"35%\">Est\u00e1ndares y Protocolos<\/th>\n<td width=\"65%\">IEEE 802.3i\/802.3u\/ 802.3ab\/802.3x<\/td>\n<\/tr>\n<tr id=\"tr_694\">\n<th width=\"35%\">Interface<\/th>\n<td width=\"65%\">Puertos 5 \u00d7 10\/100 \/ 1000Mbps, negociaci\u00f3n autom\u00e1tica, Auto-MDI \/ MDIX<\/td>\n<\/tr>\n<tr id=\"tr_2336\">\n<th width=\"35%\">Cantidad de Ventiladores<\/th>\n<td width=\"65%\">Sin ventilador<\/td>\n<\/tr>\n<tr id=\"tr_613\">\n<th width=\"35%\">Fuente de Alimentaci\u00f3n Externa<\/th>\n<td width=\"65%\">Adaptador de corriente externo (salida: 5VDC \/ 0.6A)<\/td>\n<\/tr>\n<tr id=\"tr_697\">\n<th width=\"35%\">Dimensiones (W X D X H)<\/th>\n<td width=\"65%\">90 \u00d7 72 \u00d7 23 mm (3.5 \u00d7 2.8 \u00d7 0.9 in)<\/td>\n<\/tr>\n<tr id=\"tr_5530\">\n<th width=\"35%\">Consumo M\u00e1ximo de energ\u00eda<\/th>\n<td width=\"65%\">3.7W<\/td>\n<\/tr>\n<tr id=\"tr_5854\">\n<th width=\"35%\">Disipaci\u00f3n M\u00e1xima de Calor<\/th>\n<td width=\"65%\">12.617 BTU\/h<\/td>\n<\/tr>\n<\/tbody>\n<\/table>\n<table>\n<thead>\n<tr id=\"tr_1487\">\n<th colspan=\"2\"><a>RENDIMIENTO<\/a><\/th>\n<\/tr>\n<\/thead>\n<tbody>\n<tr id=\"tr_2879\">\n<th width=\"35%\">Capacidad de Switcheo<\/th>\n<td width=\"65%\">10 Gbps<\/td>\n<\/tr>\n<tr id=\"tr_1496\">\n<th width=\"35%\">Tasa de Reenv\u00edo de Paquetes<\/th>\n<td width=\"65%\">7.4 Mpps<\/td>\n<\/tr>\n<tr id=\"tr_1497\">\n<th width=\"35%\">Tabla de MAC Address<\/th>\n<td width=\"65%\">2K<\/td>\n<\/tr>\n<tr id=\"tr_1498\">\n<th width=\"35%\">Paquetes de Memoria de b\u00fafer<\/th>\n<td width=\"65%\">1.5 Mb<\/td>\n<\/tr>\n<tr id=\"tr_1499\">\n<th width=\"35%\">Jumbo Frame<\/th>\n<td width=\"65%\">16 KB<\/td>\n<\/tr>\n<\/tbody>\n<\/table>\n<table>\n<thead>\n<tr id=\"tr_605\">\n<th colspan=\"2\"><a>CARACTER\u00cdSTICAS DE SOFTWARE<\/a><\/th>\n<\/tr>\n<\/thead>\n<tbody>\n<tr id=\"tr_1091\">\n<th width=\"35%\">Caracter\u00edsticas Avanzadas<\/th>\n<td width=\"65%\">Tecnolog\u00eda Green<br \/>\nControl de flujo 802.3X<br \/>\nContrapresi\u00f3n<\/td>\n<\/tr>\n<tr id=\"tr_1095\">\n<th width=\"35%\">M\u00e9todo de Transferencia<\/th>\n<td width=\"65%\">Almacenamiento y reenvio<\/td>\n<\/tr>\n<\/tbody>\n<\/table>\n<table>\n<thead>\n<tr id=\"tr_606\">\n<th colspan=\"2\"><a>Otros<\/a><\/th>\n<\/tr>\n<\/thead>\n<tbody>\n<tr id=\"tr_714\">\n<th width=\"35%\">Certificacion<\/th>\n<td width=\"65%\">CE, FCC, RoHS<\/td>\n<\/tr>\n<tr id=\"tr_715\">\n<th width=\"35%\">Contenidos del Paquete<\/th>\n<td width=\"65%\">Switch de escritorio de 5 puertos a 10\/100\/1000Mbps<br \/>\nAdaptador de corriente<br \/>\nGu\u00eda de instalaci\u00f3n<\/td>\n<\/tr>\n<tr id=\"tr_717\">\n<th width=\"35%\">Ambiente<\/th>\n<td width=\"65%\">Temperatura de funcionamiento: 0 \u00b0 C ~ 40 \u00b0 C (32 \u00b0 F ~ 104 \u00b0 F)<br \/>\nTemperatura de almacenamiento: -40 \u00b0 C ~ 70 \u00b0 C (-40 \u00b0 F ~ 158 \u00b0 F)<br \/>\nHumedad de funcionamiento: 10% ~ 90% sin condensaci\u00f3n<br \/>\nHumedad de almacenamiento: 5% ~ 90% sin condensaci\u00f3n<\/td>\n<\/tr>\n<\/tbody>\n<\/table>\n","protected":false},"excerpt":{"rendered":"<ul>\n<li>5 \u00d7 10\/100\/1000mbps Puertos RJ45 con detecci\u00f3n autom\u00e1tica de velocidad, soporte para MDI\/MDIX autom\u00e1tico<\/li>\n<li>Gracias a la tecnolog\u00eda Green Ethernet, ahorra energ\u00eda<\/li>\n<li>El control de flujo IEEE 802.3x permite una transmisi\u00f3n fiable de datos<\/li>\n<li>Carcasa de pl\u00e1stico, dise\u00f1ado para ser usado como equipo de sobremesa o montarlo en la pared<\/li>\n<\/ul>\n","protected":false},"featured_media":4367,"template":"","meta":[],"product_cat":[210],"product_tag":[216,217],"class_list":{"0":"post-4347","1":"product","2":"type-product","3":"status-publish","4":"has-post-thumbnail","6":"product_cat-redes","7":"product_tag-10-100-1000","8":"product_tag-5-puertos","9":"product_brand-tp-link","11":"first","12":"instock","13":"shipping-taxable","14":"purchasable","15":"product-type-simple","16":"col-xs-6 col-sm-4","17":"col-md-3 col-lg-3","18":"un-4-cols"},"_links":{"self":[{"href":"https:\/\/maximumperu.com\/index.php\/wp-json\/wp\/v2\/product\/4347","targetHints":{"allow":["GET"]}}],"collection":[{"href":"https:\/\/maximumperu.com\/index.php\/wp-json\/wp\/v2\/product"}],"about":[{"href":"https:\/\/maximumperu.com\/index.php\/wp-json\/wp\/v2\/types\/product"}],"wp:featuredmedia":[{"embeddable":true,"href":"https:\/\/maximumperu.com\/index.php\/wp-json\/wp\/v2\/media\/4367"}],"wp:attachment":[{"href":"https:\/\/maximumperu.com\/index.php\/wp-json\/wp\/v2\/media?parent=4347"}],"wp:term":[{"taxonomy":"product_cat","embeddable":true,"href":"https:\/\/maximumperu.com\/index.php\/wp-json\/wp\/v2\/product_cat?post=4347"},{"taxonomy":"product_tag","embeddable":true,"href":"https:\/\/maximumperu.com\/index.php\/wp-json\/wp\/v2\/product_tag?post=4347"}],"curies":[{"name":"wp","href":"https:\/\/api.w.org\/{rel}","templated":true}]}}