{"id":4344,"date":"2024-08-24T19:29:36","date_gmt":"2024-08-24T19:29:36","guid":{"rendered":"https:\/\/maximumperu.com\/?post_type=product&#038;p=4344"},"modified":"2024-08-24T20:40:42","modified_gmt":"2024-08-24T20:40:42","slug":"tl-wa855re","status":"publish","type":"product","link":"https:\/\/maximumperu.com\/index.php\/product\/tl-wa855re\/","title":{"rendered":"TL-WA855RE | Extensor de Cobertura Wi-Fi a 300Mbps"},"content":{"rendered":"<table style=\"height: 57px;\" width=\"1157\">\n<thead>\n<tr id=\"tr_1525\">\n<th colspan=\"2\"><a>INAL\u00c1MBRICO<\/a><\/th>\n<\/tr>\n<\/thead>\n<tbody>\n<tr id=\"tr_5962\">\n<th width=\"35%\">Modos de trabajo<\/th>\n<td width=\"65%\">Extensor de rango\/Punto de acceso<\/td>\n<\/tr>\n<\/tbody>\n<\/table>\n<table style=\"height: 273px;\" width=\"1159\">\n<thead>\n<tr id=\"tr_603\">\n<th colspan=\"2\"><a>CARACTER\u00cdSTICAS DE HARDWARE<\/a><\/th>\n<\/tr>\n<\/thead>\n<tbody>\n<tr id=\"tr_1080\">\n<th width=\"35%\">Tipo de Enchufe<\/th>\n<td width=\"65%\">UE, Reino Unido, EE.UU.<\/td>\n<\/tr>\n<tr id=\"tr_694\">\n<th width=\"35%\">Interfaz<\/th>\n<td width=\"65%\">1 puerto Ethernet RJ45 10\/100M<\/td>\n<\/tr>\n<tr id=\"tr_5755\">\n<th width=\"35%\">Puertos<\/th>\n<td width=\"65%\">1 puerto Ethernet de 10\/100 Mbps (RJ45)<\/td>\n<\/tr>\n<tr id=\"tr_695\">\n<th width=\"35%\">Bot\u00f3n<\/th>\n<td width=\"65%\">Bot\u00f3n RE (Range Extender) y Bot\u00f3n Reset<\/td>\n<\/tr>\n<tr id=\"tr_6106\">\n<th width=\"35%\">Potencia de entrada<\/th>\n<td width=\"65%\">100-240 V ~ 50\/60 Hz<\/td>\n<\/tr>\n<tr id=\"tr_1083\">\n<th width=\"35%\">Consumo de Energ\u00eda<\/th>\n<td width=\"65%\">3W aproximadamente<\/td>\n<\/tr>\n<tr id=\"tr_697\">\n<th width=\"35%\">Dimensiones (W X D X H)<\/th>\n<td width=\"65%\">52 x 34 x 65 mm (2,0 x 1,3 x 2,6 pulgadas)<\/td>\n<\/tr>\n<tr id=\"tr_696\">\n<th width=\"35%\">Antena<\/th>\n<td width=\"65%\">2 Antenas externas<\/td>\n<\/tr>\n<\/tbody>\n<\/table>\n<table style=\"height: 565px;\" width=\"1160\">\n<thead>\n<tr id=\"tr_604\">\n<th colspan=\"2\"><a>CARACTER\u00cdSTICAS INAL\u00c1MBRICAS<\/a><\/th>\n<\/tr>\n<\/thead>\n<tbody>\n<tr id=\"tr_1058\">\n<th width=\"35%\">Est\u00e1ndares Inal\u00e1mbricos<\/th>\n<td width=\"65%\">IEEE 802.11n, IEEE 802.11g, IEEE 802.11b<\/td>\n<\/tr>\n<tr id=\"tr_698\">\n<th width=\"35%\">Frecuencia<\/th>\n<td width=\"65%\">2,4 ~ 2,4835 GHz<\/td>\n<\/tr>\n<tr id=\"tr_699\">\n<th width=\"35%\">Tasa de Se\u00f1al<\/th>\n<td width=\"65%\">11n: Hasta 300Mbps (din\u00e1mico)<br \/>\n11g: Hasta 54Mbps (din\u00e1mico)<br \/>\n11b: Hasta 11Mbps (din\u00e1mico)<\/td>\n<\/tr>\n<tr id=\"tr_6252\">\n<th width=\"35%\">Modos de trabajo<\/th>\n<td width=\"65%\">Extensor de rango\/Punto de acceso<\/td>\n<\/tr>\n<tr id=\"tr_701\">\n<th width=\"35%\">Sensibilidad de Recepci\u00f3n<\/th>\n<td width=\"65%\">270M: &lt;-68dBm@10% POR<br \/>\n130M: &lt;-68dBm@10% POR<br \/>\n108M: &lt;-68dBm@10% POR<br \/>\n54M: &lt;-68dBm@10% POR<br \/>\n11M: &lt;-68dBm@8% POR<br \/>\n6M: &lt;-68dBm@10% POR<br \/>\n1M: &lt;-68dBm@8% POR<\/td>\n<\/tr>\n<tr id=\"tr_700\">\n<th width=\"35%\">Potencia de Transmision<\/th>\n<td width=\"65%\">&lt; 20 dBm (PIRE)<\/td>\n<\/tr>\n<tr id=\"tr_702\">\n<th width=\"35%\">Modos Inal\u00e1mbricos<\/th>\n<td width=\"65%\">Extensor de Cobertura y Modo AP<\/td>\n<\/tr>\n<tr id=\"tr_703\">\n<th width=\"35%\">Funciones Inal\u00e1mbricas<\/th>\n<td width=\"65%\">Filtrado Inal\u00e1mbrico de Direcciones MAC<br \/>\nFunci\u00f3n de Acceso a Dominio<br \/>\nControl de Potencia de Transmisi\u00f3n<\/td>\n<\/tr>\n<tr id=\"tr_704\">\n<th width=\"35%\">Seguridad Inal\u00e1mbrica<\/th>\n<td width=\"65%\">WEP WPA-PSK\/WPA2-PSK\u00a0de 64\/128\/152 bits<\/td>\n<\/tr>\n<tr id=\"tr_2853\">\n<th width=\"35%\">Potencia de Transmisi\u00f3n<\/th>\n<td width=\"65%\">&lt; 20 dBm (PIRE)<\/td>\n<\/tr>\n<\/tbody>\n<\/table>\n<table>\n<thead>\n<tr id=\"tr_606\">\n<th colspan=\"2\"><a>Otros<\/a><\/th>\n<\/tr>\n<\/thead>\n<tbody>\n<tr id=\"tr_714\">\n<th width=\"35%\">Certificacion<\/th>\n<td width=\"65%\">CE, RoHS<\/td>\n<\/tr>\n<tr id=\"tr_715\">\n<th width=\"35%\">Contenidos del Paquete<\/th>\n<td width=\"65%\">Extensor de Cobertura Wi-Fi de 300Mbps Tl-WA855RE<br \/>\nCable Ethernet RJ-45<br \/>\nGu\u00eda de instalaci\u00f3n r\u00e1pida<\/td>\n<\/tr>\n<tr id=\"tr_716\">\n<th width=\"35%\">Requisitos del Sistema<\/th>\n<td width=\"65%\">Microsoft\u00ae Windows\u00ae 98SE, NT, 2000, XP, Vista o Windows 7, 8, 8.1, 10, Mac\u00ae OS, NetWare\u00ae, UNIX\u00ae o Linux.<\/td>\n<\/tr>\n<tr id=\"tr_717\">\n<th width=\"35%\">Ambiente<\/th>\n<td width=\"65%\">Temperatura de Funcionamiento: 0\u00b0C~40\u00b0C (32\u00b0F~104\u00b0F)<br \/>\nTemperatura de Almacenamiento: -40\u00b0C~70\u00b0C (-40\u00b0F~158\u00b0F)<br \/>\nHumedad de Funcionamiento: 10%~90% sin condensaci\u00f3n<br \/>\nHumedad de Almacenamiento: 5%~90% sin condensaci\u00f3n<\/td>\n<\/tr>\n<\/tbody>\n<\/table>\n","protected":false},"excerpt":{"rendered":"<ul>\n<li>Aumenta la cobertura Wi-Fi existente para repartir conexiones inal\u00e1mbricas y cableadas de manera r\u00e1pida y fiable<\/li>\n<li>Antenas externas para un conexi\u00f3n Wi-Fi m\u00e1s r\u00e1pida y fiable<\/li>\n<li>Soporta el modo AP con el que podr\u00e1s crear un nuevo punto de acceso Wi-Fi<\/li>\n<li>Extiende tu cobertura Wi-Fi de forma sencilla pulsando el bot\u00f3n \u201c<em>Range Extender\u201d<\/em><\/li>\n<li>Configura la Programaci\u00f3n para el Ahorro de Energ\u00eda del extensor de cobertura<\/li>\n<li>La aplicaci\u00f3n Tether permite un acceso y gesti\u00f3n f\u00e1cil de manera mediante los dispositivos m\u00f3viles<\/li>\n<li>Funciona con cualquier Router Wi-Fi<\/li>\n<\/ul>\n","protected":false},"featured_media":4383,"template":"","meta":[],"product_cat":[210],"product_tag":[],"class_list":{"0":"post-4344","1":"product","2":"type-product","3":"status-publish","4":"has-post-thumbnail","6":"product_cat-redes","7":"product_brand-tp-link","9":"first","10":"instock","11":"sale","12":"shipping-taxable","13":"purchasable","14":"product-type-simple","15":"col-xs-6 col-sm-4","16":"col-md-3 col-lg-3","17":"un-4-cols"},"_links":{"self":[{"href":"https:\/\/maximumperu.com\/index.php\/wp-json\/wp\/v2\/product\/4344","targetHints":{"allow":["GET"]}}],"collection":[{"href":"https:\/\/maximumperu.com\/index.php\/wp-json\/wp\/v2\/product"}],"about":[{"href":"https:\/\/maximumperu.com\/index.php\/wp-json\/wp\/v2\/types\/product"}],"wp:featuredmedia":[{"embeddable":true,"href":"https:\/\/maximumperu.com\/index.php\/wp-json\/wp\/v2\/media\/4383"}],"wp:attachment":[{"href":"https:\/\/maximumperu.com\/index.php\/wp-json\/wp\/v2\/media?parent=4344"}],"wp:term":[{"taxonomy":"product_cat","embeddable":true,"href":"https:\/\/maximumperu.com\/index.php\/wp-json\/wp\/v2\/product_cat?post=4344"},{"taxonomy":"product_tag","embeddable":true,"href":"https:\/\/maximumperu.com\/index.php\/wp-json\/wp\/v2\/product_tag?post=4344"}],"curies":[{"name":"wp","href":"https:\/\/api.w.org\/{rel}","templated":true}]}}