{"id":4339,"date":"2024-08-24T19:20:07","date_gmt":"2024-08-24T19:20:07","guid":{"rendered":"https:\/\/maximumperu.com\/?post_type=product&#038;p=4339"},"modified":"2024-08-24T21:03:43","modified_gmt":"2024-08-24T21:03:43","slug":"tl-wn8200nd","status":"publish","type":"product","link":"https:\/\/maximumperu.com\/index.php\/product\/tl-wn8200nd\/","title":{"rendered":"TL-WN8200ND | Adaptador USB Inal\u00e1mbrico de Alta Potencia 300Mbps"},"content":{"rendered":"<table style=\"height: 225px;\" width=\"661\">\n<thead>\n<tr id=\"tr_603\">\n<th colspan=\"2\"><a>CARACTER\u00cdSTICAS DE HARDWARE<\/a><\/th>\n<\/tr>\n<\/thead>\n<tbody>\n<tr id=\"tr_694\">\n<th width=\"35%\">Interface<\/th>\n<td width=\"65%\">Mini USB<\/td>\n<\/tr>\n<tr id=\"tr_695\">\n<th width=\"35%\">Bot\u00f3n<\/th>\n<td width=\"65%\">WPS<\/td>\n<\/tr>\n<tr id=\"tr_693\">\n<th width=\"35%\">Est\u00e1ndares Inal\u00e1mbricos<\/th>\n<td width=\"65%\">IEEE 802.11n, IEEE 802.11g, IEEE 802.11b<\/td>\n<\/tr>\n<tr id=\"tr_697\">\n<th width=\"35%\">Dimensiones (W X D X H)<\/th>\n<td width=\"65%\">90.8*60.7*24mm<\/td>\n<\/tr>\n<tr id=\"tr_1056\">\n<th width=\"35%\">Tipo de Antena<\/th>\n<td width=\"65%\">2 antenas desmontables omnidireccionales (RP-SMA)<\/td>\n<\/tr>\n<tr id=\"tr_1057\">\n<th width=\"35%\">Ganancia de Antena<\/th>\n<td width=\"65%\">5dBi<\/td>\n<\/tr>\n<\/tbody>\n<\/table>\n<table style=\"height: 239px;\" width=\"663\">\n<thead>\n<tr id=\"tr_604\">\n<th colspan=\"2\"><a>CARACTER\u00cdSTICAS INAL\u00c1MBRICAS<\/a><\/th>\n<\/tr>\n<\/thead>\n<tbody>\n<tr id=\"tr_698\">\n<th width=\"35%\">Frecuencia<\/th>\n<td width=\"65%\">2.4-2.4835GHz<\/td>\n<\/tr>\n<tr id=\"tr_699\">\n<th width=\"35%\">Tasa de Se\u00f1al<\/th>\n<td width=\"65%\">Tx Hasta 150Mbps<br \/>\nRx Hasta 300Mbps<\/td>\n<\/tr>\n<tr id=\"tr_700\">\n<th width=\"35%\">Potencia de Transmision<\/th>\n<td width=\"65%\">&lt;20dBm (EIRP, For countries using CE Standards)<br \/>\n&lt;27dBm (EIRP, For countries using FCC Standards)<\/td>\n<\/tr>\n<tr id=\"tr_702\">\n<th width=\"35%\">Modos Inal\u00e1mbricos<\/th>\n<td width=\"65%\">modo Ad-Hoc \/ Infraestructure<\/td>\n<\/tr>\n<tr id=\"tr_704\">\n<th width=\"35%\">Seguridad Inal\u00e1mbrica<\/th>\n<td width=\"65%\">64\/128 bit WEP, WPA\/WPA2, WPA-PSK\/WPA2-PSK<\/td>\n<\/tr>\n<\/tbody>\n<\/table>\n<table>\n<thead>\n<tr id=\"tr_606\">\n<th colspan=\"2\"><a>Otros<\/a><\/th>\n<\/tr>\n<\/thead>\n<tbody>\n<tr id=\"tr_715\">\n<th width=\"35%\">Contenidos del Paquete<\/th>\n<td width=\"65%\">TL-WN8200ND<br \/>\n2 antenas desmontables omnifireccionales de 5dBi<br \/>\nCD de Instalaci\u00f3n<br \/>\nGu\u00eda de Instalaci\u00f3n R\u00e1pida<br \/>\nExtensi\u00f3n de Cable USB de 1.5m<\/td>\n<\/tr>\n<tr id=\"tr_716\">\n<th width=\"35%\">Requisitos del Sistema<\/th>\n<td width=\"65%\">Windows XP\/7\/8\/8.1 (32\/64bits)<\/td>\n<\/tr>\n<tr id=\"tr_717\">\n<th width=\"35%\">Ambiente<\/th>\n<td width=\"65%\">Temperatura de Funcionamiento: 0\u2103~40 \u2103 (32 \u2109~104\u2109)<br \/>\nTemperatura de Almacenamiento: -40\u2103~70 \u2103 (-40 \u2109~158\u2109)<br \/>\nHumedad de Funcionamiento: 10%~90% sin condensaci\u00f3n<br \/>\nHumedad de Almacenamiento: 5%~90% sin condensaci\u00f3n<\/td>\n<\/tr>\n<\/tbody>\n<\/table>\n","protected":false},"excerpt":{"rendered":"<ul>\n<li>Alta potencia y sensibilidad de recepci\u00f3n para ofrecer una distancia de transmisi\u00f3n ultra grande<\/li>\n<li>Velocidades de transmisi\u00f3n de 300Mbps ideales para las tareas de banda ancha pesada<\/li>\n<li>F\u00e1cil Encriptaci\u00f3n de seguridad inal\u00e1mbrica con s\u00f3lo presionar el bot\u00f3n WPS<\/li>\n<li>El cable de extensi\u00f3n USB de 1.5 metros permite un uso conveniente<\/li>\n<li>Soporta Windows XP \/ Vista \/ 7<\/li>\n<\/ul>\n","protected":false},"featured_media":4404,"template":"","meta":[],"product_cat":[210],"product_tag":[],"class_list":{"0":"post-4339","1":"product","2":"type-product","3":"status-publish","4":"has-post-thumbnail","6":"product_cat-redes","7":"product_brand-tp-link","9":"first","10":"instock","11":"shipping-taxable","12":"purchasable","13":"product-type-simple","14":"col-xs-6 col-sm-4","15":"col-md-3 col-lg-3","16":"un-4-cols"},"_links":{"self":[{"href":"https:\/\/maximumperu.com\/index.php\/wp-json\/wp\/v2\/product\/4339","targetHints":{"allow":["GET"]}}],"collection":[{"href":"https:\/\/maximumperu.com\/index.php\/wp-json\/wp\/v2\/product"}],"about":[{"href":"https:\/\/maximumperu.com\/index.php\/wp-json\/wp\/v2\/types\/product"}],"wp:featuredmedia":[{"embeddable":true,"href":"https:\/\/maximumperu.com\/index.php\/wp-json\/wp\/v2\/media\/4404"}],"wp:attachment":[{"href":"https:\/\/maximumperu.com\/index.php\/wp-json\/wp\/v2\/media?parent=4339"}],"wp:term":[{"taxonomy":"product_cat","embeddable":true,"href":"https:\/\/maximumperu.com\/index.php\/wp-json\/wp\/v2\/product_cat?post=4339"},{"taxonomy":"product_tag","embeddable":true,"href":"https:\/\/maximumperu.com\/index.php\/wp-json\/wp\/v2\/product_tag?post=4339"}],"curies":[{"name":"wp","href":"https:\/\/api.w.org\/{rel}","templated":true}]}}