{"id":4338,"date":"2024-08-24T19:18:33","date_gmt":"2024-08-24T19:18:33","guid":{"rendered":"https:\/\/maximumperu.com\/?post_type=product&#038;p=4338"},"modified":"2024-08-24T21:21:27","modified_gmt":"2024-08-24T21:21:27","slug":"tl-wn823n","status":"publish","type":"product","link":"https:\/\/maximumperu.com\/index.php\/product\/tl-wn823n\/","title":{"rendered":"TL-WN823N | Mini Adaptador USB Inal\u00e1mbrico N 300Mbps"},"content":{"rendered":"<table style=\"height: 152px;\" width=\"1113\">\n<thead>\n<tr id=\"tr_603\">\n<th colspan=\"2\"><a>CARACTER\u00cdSTICAS DE HARDWARE<\/a><\/th>\n<\/tr>\n<\/thead>\n<tbody>\n<tr id=\"tr_694\">\n<th width=\"35%\">Interface<\/th>\n<td width=\"65%\">USB 2.0<\/td>\n<\/tr>\n<tr id=\"tr_695\">\n<th width=\"35%\">Bot\u00f3n<\/th>\n<td width=\"65%\">Bot\u00f3n Wi-Fi Protected Setup (WPS)<\/td>\n<\/tr>\n<tr id=\"tr_697\">\n<th width=\"35%\">Dimensiones (W X D X H)<\/th>\n<td width=\"65%\">1.54 x 0.72 x 0.31 pulgadas. (39 x 18.35 x 7.87mm)<\/td>\n<\/tr>\n<tr id=\"tr_696\">\n<th width=\"35%\">Antena<\/th>\n<td width=\"65%\"><\/td>\n<\/tr>\n<tr id=\"tr_1056\">\n<th width=\"35%\">Tipo de Antena<\/th>\n<td width=\"65%\">Interna<\/td>\n<\/tr>\n<\/tbody>\n<\/table>\n<table style=\"height: 458px;\" width=\"1114\">\n<thead>\n<tr id=\"tr_604\">\n<th colspan=\"2\"><a>CARACTER\u00cdSTICAS INAL\u00c1MBRICAS<\/a><\/th>\n<\/tr>\n<\/thead>\n<tbody>\n<tr id=\"tr_1058\">\n<th width=\"35%\">Est\u00e1ndares Inal\u00e1mbricos<\/th>\n<td width=\"65%\">IEEE 802.11b, IEEE 802.11g, IEEE 802.11n<\/td>\n<\/tr>\n<tr id=\"tr_698\">\n<th width=\"35%\">Frecuencia<\/th>\n<td width=\"65%\">2.400~2.4835GHz<\/td>\n<\/tr>\n<tr id=\"tr_699\">\n<th width=\"35%\">Tasa de Se\u00f1al<\/th>\n<td width=\"65%\">11b: Hasta 11Mbps(din\u00e1mica)<br \/>\n11g: Hasta 54Mbps(din\u00e1mica)<br \/>\n11n: Hasta 300Mbps(din\u00e1mica)<\/td>\n<\/tr>\n<tr id=\"tr_701\">\n<th width=\"35%\">Sensibilidad de Recepci\u00f3n<\/th>\n<td width=\"65%\">300M: -65dBm@10% PER<br \/>\n270M: -65dBm@10% PER<br \/>\n130M: -68dBm@10% PER<br \/>\n108M: -68dBm@10% PER<br \/>\n54M: -72dBm@10% PER<br \/>\n11M: -85dBm@8% PER<br \/>\n6M: -87dBm@10% PER<br \/>\n1M:-93dBm@8% PER<\/td>\n<\/tr>\n<tr id=\"tr_700\">\n<th width=\"35%\">Potencia de Transmision<\/th>\n<td width=\"65%\">&lt;20dBm (EIRP)<\/td>\n<\/tr>\n<tr id=\"tr_702\">\n<th width=\"35%\">Modos Inal\u00e1mbricos<\/th>\n<td width=\"65%\">Modos Soft AP , Cliente (soporta red Ad-hoc\/Infrastructura)<\/td>\n<\/tr>\n<tr id=\"tr_704\">\n<th width=\"35%\">Seguridad Inal\u00e1mbrica<\/th>\n<td width=\"65%\">64\/128-bit WEP<br \/>\nWPA-PSK \/ WPA2-PSK<br \/>\nWPA \/ WPA2<\/td>\n<\/tr>\n<tr id=\"tr_1059\">\n<th width=\"35%\">Tecnolog\u00eda de Modulaci\u00f3n<\/th>\n<td width=\"65%\">DBPSK, DQPSK, CCK, OFDM, 16-QAM, 64-QAM<\/td>\n<\/tr>\n<\/tbody>\n<\/table>\n<table style=\"height: 273px;\" width=\"1116\">\n<thead>\n<tr id=\"tr_606\">\n<th colspan=\"2\"><a>Otros<\/a><\/th>\n<\/tr>\n<\/thead>\n<tbody>\n<tr id=\"tr_714\">\n<th width=\"35%\">Certificacion<\/th>\n<td width=\"65%\">CE, FCC, IC, RoHS<\/td>\n<\/tr>\n<tr id=\"tr_715\">\n<th width=\"35%\">Contenidos del Paquete<\/th>\n<td width=\"65%\">Adaptador Inal\u00e1mbrico TL-WN823N<br \/>\nCD de Instalaci\u00f3n<br \/>\nGu\u00eda de Instalaci\u00f3n R\u00e1pida<\/td>\n<\/tr>\n<tr id=\"tr_716\">\n<th width=\"35%\">Requisitos del Sistema<\/th>\n<td width=\"65%\">Windows XP\/7\/8\/8.1(32\/64bits),<br \/>\nMac OS X 10.6-10.11, Linux<\/td>\n<\/tr>\n<tr id=\"tr_717\">\n<th width=\"35%\">Ambiente<\/th>\n<td width=\"65%\">Temperatura de Funcionamiento: 0\u2103~40 \u2103 (32 \u2109~104\u2109)<br \/>\nTemperatura de Almacenamiento: -40\u2103~70 \u2103 (-40 \u2109~158\u2109)<br \/>\nHumedad de Funcionamiento: 10%~90% sin condensaci\u00f3n<br \/>\nHumedad de Almacenamiento: 5%~90% sin condensaci\u00f3n<\/td>\n<\/tr>\n<\/tbody>\n<\/table>\n","protected":false},"excerpt":{"rendered":"<ul>\n<li>Velocidad de transferencia datos inal\u00e1mbrica de 300Mbps ideal para video en alta definici\u00f3n sin problemas, streaming de voz y juegos en l\u00ednea<\/li>\n<li>Dise\u00f1o de tama\u00f1o miniatura para una portabilidad conveniente con un alto desempe\u00f1o confiable<\/li>\n<li>Modo SoftAP \u2013 Convierta una conexi\u00f3n de internet cableada en una PC o Laptop en un hotspot Wi-Fi<\/li>\n<li>Configure f\u00e1cilmente una conexi\u00f3n inal\u00e1mbrica segura con s\u00f3lo presionar un bot\u00f3n WPS<\/li>\n<li>Compatible con Windows 8.1\/8\/7\/XP,\u00a0Mac OS, Linux<\/li>\n<\/ul>\n","protected":false},"featured_media":4409,"template":"","meta":[],"product_cat":[210],"product_tag":[],"class_list":{"0":"post-4338","1":"product","2":"type-product","3":"status-publish","4":"has-post-thumbnail","6":"product_cat-redes","7":"product_brand-tp-link","9":"first","10":"instock","11":"shipping-taxable","12":"purchasable","13":"product-type-simple","14":"col-xs-6 col-sm-4","15":"col-md-3 col-lg-3","16":"un-4-cols"},"_links":{"self":[{"href":"https:\/\/maximumperu.com\/index.php\/wp-json\/wp\/v2\/product\/4338","targetHints":{"allow":["GET"]}}],"collection":[{"href":"https:\/\/maximumperu.com\/index.php\/wp-json\/wp\/v2\/product"}],"about":[{"href":"https:\/\/maximumperu.com\/index.php\/wp-json\/wp\/v2\/types\/product"}],"wp:featuredmedia":[{"embeddable":true,"href":"https:\/\/maximumperu.com\/index.php\/wp-json\/wp\/v2\/media\/4409"}],"wp:attachment":[{"href":"https:\/\/maximumperu.com\/index.php\/wp-json\/wp\/v2\/media?parent=4338"}],"wp:term":[{"taxonomy":"product_cat","embeddable":true,"href":"https:\/\/maximumperu.com\/index.php\/wp-json\/wp\/v2\/product_cat?post=4338"},{"taxonomy":"product_tag","embeddable":true,"href":"https:\/\/maximumperu.com\/index.php\/wp-json\/wp\/v2\/product_tag?post=4338"}],"curies":[{"name":"wp","href":"https:\/\/api.w.org\/{rel}","templated":true}]}}